
{"id":416,"date":"2023-05-12T13:07:49","date_gmt":"2023-05-12T11:07:49","guid":{"rendered":"https:\/\/www.webparamiboda.com\/ejemploanayjuan\/?page_id=416"},"modified":"2023-05-12T13:13:31","modified_gmt":"2023-05-12T11:13:31","slug":"confirmacion-asistencia","status":"publish","type":"page","link":"https:\/\/www.webparamiboda.com\/ejemploanayjuan\/confirmacion-asistencia\/","title":{"rendered":"Confirmaci\u00f3n de Asistencia"},"content":{"rendered":"\t\t<div data-elementor-type=\"wp-page\" data-elementor-id=\"416\" class=\"elementor elementor-416\">\n\t\t\t\t\t\t\t\t\t<section class=\"elementor-section elementor-top-section elementor-element elementor-element-9fd50ed elementor-section-boxed elementor-section-height-default elementor-section-height-default parallax_section_no qode_elementor_container_no\" data-id=\"9fd50ed\" data-element_type=\"section\" data-settings=\"{&quot;background_background&quot;:&quot;gradient&quot;}\">\n\t\t\t\t\t\t<div class=\"elementor-container elementor-column-gap-default\">\n\t\t\t\t\t<div class=\"elementor-column elementor-col-100 elementor-top-column elementor-element elementor-element-0f8249a\" data-id=\"0f8249a\" data-element_type=\"column\">\n\t\t\t<div class=\"elementor-widget-wrap elementor-element-populated\">\n\t\t\t\t\t\t\t\t<div class=\"elementor-element elementor-element-06cf744 elementor-widget elementor-widget-shortcode\" data-id=\"06cf744\" data-element_type=\"widget\" data-widget_type=\"shortcode.default\">\n\t\t\t\t<div class=\"elementor-widget-container\">\n\t\t\t\t\t<div class=\"elementor-shortcode\">\n<div class=\"wpcf7 no-js\" id=\"wpcf7-f419-o1\" lang=\"es-ES\" dir=\"ltr\">\n<div class=\"screen-reader-response\"><p role=\"status\" aria-live=\"polite\" aria-atomic=\"true\"><\/p> <ul><\/ul><\/div>\n<form action=\"\/ejemploanayjuan\/wp-json\/wp\/v2\/pages\/416#wpcf7-f419-o1\" method=\"post\" class=\"wpcf7-form init\" aria-label=\"Formulario de contacto\" novalidate=\"novalidate\" data-status=\"init\">\n<div style=\"display: none;\">\n<input type=\"hidden\" name=\"_wpcf7\" value=\"419\" \/>\n<input type=\"hidden\" name=\"_wpcf7_version\" value=\"5.7.6\" \/>\n<input type=\"hidden\" name=\"_wpcf7_locale\" value=\"es_ES\" \/>\n<input type=\"hidden\" name=\"_wpcf7_unit_tag\" value=\"wpcf7-f419-o1\" \/>\n<input type=\"hidden\" name=\"_wpcf7_container_post\" value=\"0\" \/>\n<input type=\"hidden\" name=\"_wpcf7_posted_data_hash\" value=\"\" \/>\n<\/div>\n<span class=\"wpcf7-form-control-wrap\" data-name=\"nombre\"><input size=\"40\" class=\"wpcf7-form-control wpcf7-text wpcf7-validates-as-required\" aria-required=\"true\" aria-invalid=\"false\" placeholder=\"\u00bfC\u00f3mo te llamas?\" value=\"\" type=\"text\" name=\"nombre\" \/><\/span>\n\n\u00bfVienes?\n\n<span class=\"wpcf7-form-control-wrap\" data-name=\"Vienes\"><span class=\"wpcf7-form-control wpcf7-radio\"><span class=\"wpcf7-list-item first\"><label><input type=\"radio\" name=\"Vienes\" value=\"S\u00ed, no me la perder\u00eda por nada del mundo.\" checked=\"checked\" \/><span class=\"wpcf7-list-item-label\">S\u00ed, no me la perder\u00eda por nada del mundo.<\/span><\/label><\/span><span class=\"wpcf7-list-item last\"><label><input type=\"radio\" name=\"Vienes\" value=\"No, me es imposible asistir. \u00a1Lo siento!\" \/><span class=\"wpcf7-list-item-label\">No, me es imposible asistir. \u00a1Lo siento!<\/span><\/label><\/span><\/span><\/span>\n\n<span class=\"wpcf7-form-control-wrap\" data-name=\"acompanante\"><input size=\"40\" class=\"wpcf7-form-control wpcf7-text wpcf7-validates-as-required\" aria-required=\"true\" aria-invalid=\"false\" placeholder=\"\u00bfVendr\u00e1s acompa\u00f1ado? Nombre de esa persona\" value=\"\" type=\"text\" name=\"acompanante\" \/><\/span>\n\n<span class=\"wpcf7-form-control-wrap\" data-name=\"nenes\"><input size=\"40\" class=\"wpcf7-form-control wpcf7-text wpcf7-validates-as-required\" aria-required=\"true\" aria-invalid=\"false\" placeholder=\"\u00bfVendr\u00e1s con ni\u00f1os?? Nombre y edad de cada uno\" value=\"\" type=\"text\" name=\"nenes\" \/><\/span>\n\n<span class=\"wpcf7-form-control-wrap\" data-name=\"intolerancia\"><input size=\"40\" class=\"wpcf7-form-control wpcf7-text wpcf7-validates-as-required\" aria-required=\"true\" aria-invalid=\"false\" placeholder=\"\u00bfTienes alg\u00fan tipo de alergia o intolerancia? \u00bfCu\u00e1l?\" value=\"\" type=\"text\" name=\"intolerancia\" \/><\/span>\n\n<span class=\"wpcf7-form-control-wrap\" data-name=\"tel-813\"><input size=\"40\" class=\"wpcf7-form-control wpcf7-text wpcf7-tel wpcf7-validates-as-required wpcf7-validates-as-tel\" aria-required=\"true\" aria-invalid=\"false\" placeholder=\"\u00bfCu\u00e1l es tu n\u00famero de tel\u00e9fono?\" value=\"\" type=\"tel\" name=\"tel-813\" \/><\/span>\n\n<span class=\"wpcf7-form-control-wrap\" data-name=\"email-896\"><input size=\"40\" class=\"wpcf7-form-control wpcf7-text wpcf7-email wpcf7-validates-as-required wpcf7-validates-as-email\" aria-required=\"true\" aria-invalid=\"false\" placeholder=\"\u00bfCu\u00e1l es tu correo electr\u00f3nico?\" value=\"\" type=\"email\" name=\"email-896\" \/><\/span>\n\n<span class=\"wpcf7-form-control-wrap\" data-name=\"textarea-93\"><textarea cols=\"40\" rows=\"10\" class=\"wpcf7-form-control wpcf7-textarea\" aria-invalid=\"false\" placeholder=\"\u00bfQuieres dejarnos alg\u00fan mensaje m\u00e1s?\" name=\"textarea-93\"><\/textarea><\/span>\n\n<input class=\"wpcf7-form-control has-spinner wpcf7-submit\" type=\"submit\" value=\"Enviar\" \/><div class=\"wpcf7-response-output\" aria-hidden=\"true\"><\/div>\n<\/form>\n<\/div>\n<\/div>\n\t\t\t\t<\/div>\n\t\t\t\t<\/div>\n\t\t\t\t\t<\/div>\n\t\t<\/div>\n\t\t\t\t\t\t\t<\/div>\n\t\t<\/section>\n\t\t\t\t\t\t\t<\/div>\n\t\t","protected":false},"excerpt":{"rendered":"","protected":false},"author":1,"featured_media":0,"parent":0,"menu_order":0,"comment_status":"closed","ping_status":"closed","template":"","meta":{"footnotes":""},"class_list":["post-416","page","type-page","status-publish","hentry"],"_links":{"self":[{"href":"https:\/\/www.webparamiboda.com\/ejemploanayjuan\/wp-json\/wp\/v2\/pages\/416","targetHints":{"allow":["GET"]}}],"collection":[{"href":"https:\/\/www.webparamiboda.com\/ejemploanayjuan\/wp-json\/wp\/v2\/pages"}],"about":[{"href":"https:\/\/www.webparamiboda.com\/ejemploanayjuan\/wp-json\/wp\/v2\/types\/page"}],"author":[{"embeddable":true,"href":"https:\/\/www.webparamiboda.com\/ejemploanayjuan\/wp-json\/wp\/v2\/users\/1"}],"replies":[{"embeddable":true,"href":"https:\/\/www.webparamiboda.com\/ejemploanayjuan\/wp-json\/wp\/v2\/comments?post=416"}],"version-history":[{"count":5,"href":"https:\/\/www.webparamiboda.com\/ejemploanayjuan\/wp-json\/wp\/v2\/pages\/416\/revisions"}],"predecessor-version":[{"id":422,"href":"https:\/\/www.webparamiboda.com\/ejemploanayjuan\/wp-json\/wp\/v2\/pages\/416\/revisions\/422"}],"wp:attachment":[{"href":"https:\/\/www.webparamiboda.com\/ejemploanayjuan\/wp-json\/wp\/v2\/media?parent=416"}],"curies":[{"name":"wp","href":"https:\/\/api.w.org\/{rel}","templated":true}]}}